{"id":872,"date":"2021-08-31T01:51:55","date_gmt":"2021-08-31T01:51:55","guid":{"rendered":"https:\/\/gaviaspreview.com\/wp\/funden\/terms-conditions\/"},"modified":"2025-09-06T10:16:01","modified_gmt":"2025-09-06T10:16:01","slug":"editorial","status":"publish","type":"page","link":"https:\/\/www.africa-rdc.org\/?page_id=872","title":{"rendered":"EDITORIAL"},"content":{"rendered":"\t\t<div data-elementor-type=\"wp-page\" data-elementor-id=\"872\" class=\"elementor elementor-872\">\n\t\t\t\t\t\t<section class=\"elementor-section elementor-top-section elementor-element elementor-element-0d29963 elementor-section-full_width elementor-section-height-default elementor-section-height-default\" data-id=\"0d29963\" data-element_type=\"section\" data-e-type=\"section\">\n\t\t\t\t\t\t<div class=\"elementor-container elementor-column-gap-default\">\n\t\t\t\t\t<div class=\"elementor-column elementor-col-100 elementor-top-column elementor-element elementor-element-46c8ae2\" data-id=\"46c8ae2\" data-element_type=\"column\" data-e-type=\"column\">\n\t\t\t<div class=\"elementor-widget-wrap elementor-element-populated\">\n\t\t\t\t\t\t<div class=\"elementor-element elementor-element-b4ad25f elementor-widget elementor-widget-gva_post_breadcrumb\" data-id=\"b4ad25f\" data-element_type=\"widget\" data-e-type=\"widget\" data-widget_type=\"gva_post_breadcrumb.default\">\n\t\t\t\t<div class=\"elementor-widget-container\">\n\t\t\t\t\t<div class=\"gva-element-gva_post_breadcrumb gva-element\">   \r\n<div class=\"post-breadcrumb\">\r\n   <div class=\"custom-breadcrumb \" >\r\n            <div class=\"breadcrumb-main\">\r\n        <div class=\"container\">\r\n          <div class=\"breadcrumb-container-inner\">\r\n            <h2 class=\"heading-title\">EDITORIAL<\/h2><ol class=\"breadcrumb\"><li><a href=\"https:\/\/www.africa-rdc.org\">Home<\/a> <\/li> <li class=\"active\">Page<\/li><\/ol>          <\/div>  \r\n        <\/div>   \r\n      <\/div>  \r\n   <\/div>\r\n<\/div>      \r\n\r\n<\/div>\t\t\t\t<\/div>\n\t\t\t\t<\/div>\n\t\t\t\t\t<\/div>\n\t\t<\/div>\n\t\t\t\t\t<\/div>\n\t\t<\/section>\n\t\t\t\t<section class=\"elementor-section elementor-top-section elementor-element elementor-element-d7b0f07 elementor-section-boxed elementor-section-height-default elementor-section-height-default\" data-id=\"d7b0f07\" data-element_type=\"section\" data-e-type=\"section\">\n\t\t\t\t\t\t<div class=\"elementor-container elementor-column-gap-no\">\n\t\t\t\t\t<div class=\"elementor-column elementor-col-50 elementor-top-column elementor-element elementor-element-6c649ad\" data-id=\"6c649ad\" data-element_type=\"column\" data-e-type=\"column\">\n\t\t\t<div class=\"elementor-widget-wrap elementor-element-populated\">\n\t\t\t\t\t\t<div class=\"elementor-element elementor-element-f8a2068 elementor-widget elementor-widget-image\" data-id=\"f8a2068\" data-element_type=\"widget\" data-e-type=\"widget\" data-widget_type=\"image.default\">\n\t\t\t\t<div class=\"elementor-widget-container\">\n\t\t\t\t\t\t\t\t\t\t\t\t\t\t\t<img fetchpriority=\"high\" decoding=\"async\" width=\"715\" height=\"838\" src=\"https:\/\/www.africa-rdc.org\/wp-content\/uploads\/2024\/11\/WhatsApp-Image-2024-11-14-a-10.39.44_2d3cf96d-1.jpg\" class=\"attachment-full size-full wp-image-3596\" alt=\"\" srcset=\"https:\/\/www.africa-rdc.org\/wp-content\/uploads\/2024\/11\/WhatsApp-Image-2024-11-14-a-10.39.44_2d3cf96d-1.jpg 715w, https:\/\/www.africa-rdc.org\/wp-content\/uploads\/2024\/11\/WhatsApp-Image-2024-11-14-a-10.39.44_2d3cf96d-1-600x703.jpg 600w\" sizes=\"(max-width: 715px) 100vw, 715px\" \/>\t\t\t\t\t\t\t\t\t\t\t\t\t\t\t<\/div>\n\t\t\t\t<\/div>\n\t\t\t\t\t<\/div>\n\t\t<\/div>\n\t\t\t\t<div class=\"elementor-column elementor-col-50 elementor-top-column elementor-element elementor-element-91497a0\" data-id=\"91497a0\" data-element_type=\"column\" data-e-type=\"column\">\n\t\t\t<div class=\"elementor-widget-wrap elementor-element-populated\">\n\t\t\t\t\t\t<div class=\"elementor-element elementor-element-c07f03e elementor-widget elementor-widget-text-editor\" data-id=\"c07f03e\" data-element_type=\"widget\" data-e-type=\"widget\" data-widget_type=\"text-editor.default\">\n\t\t\t\t<div class=\"elementor-widget-container\">\n\t\t\t\t\t\t\t\t\t<p><strong>Depuis quelques d\u00e9cennies, les femmes et les jeunes filles africaines font l\u2019objet de discriminations, lequel affecte leurs familles, leurs communaut\u00e9s ainsi que leurs pays respectifs. <\/strong><br \/><strong>Face a ce ph\u00e9nom\u00e8ne, plusieurs gouvernements africains consid\u00e8rent la reconnaissance de l\u2019\u00e9mancipation de la femme comme un facteur essentiel de d\u00e9veloppement \u00e9conomique.<\/strong><br \/><strong>En bordure de l\u2019\u00e9mancipation, la transition d\u00e9mographique sur le continent a \u00e9t\u00e9 cependant plus lente que dans d\u2019autres r\u00e9gions du monde.<\/strong><\/p>\t\t\t\t\t\t\t\t<\/div>\n\t\t\t\t<\/div>\n\t\t\t\t<div class=\"elementor-element elementor-element-4c99bc3 elementor-widget-divider--view-line_icon elementor-hidden-tablet elementor-view-default elementor-widget-divider--element-align-center elementor-widget elementor-widget-divider\" data-id=\"4c99bc3\" data-element_type=\"widget\" data-e-type=\"widget\" data-widget_type=\"divider.default\">\n\t\t\t\t<div class=\"elementor-widget-container\">\n\t\t\t\t\t\t\t<div class=\"elementor-divider\">\n\t\t\t<span class=\"elementor-divider-separator\">\n\t\t\t\t\t\t\t<div class=\"elementor-icon elementor-divider__element\">\n\t\t\t\t\t<i aria-hidden=\"true\" class=\"fas fa-star\"><\/i><\/div>\n\t\t\t\t\t\t<\/span>\n\t\t<\/div>\n\t\t\t\t\t\t<\/div>\n\t\t\t\t<\/div>\n\t\t\t\t<div class=\"elementor-element elementor-element-9716227 elementor-hidden-tablet elementor-icon-list--layout-traditional elementor-list-item-link-full_width elementor-widget elementor-widget-icon-list\" data-id=\"9716227\" data-element_type=\"widget\" data-e-type=\"widget\" data-widget_type=\"icon-list.default\">\n\t\t\t\t<div class=\"elementor-widget-container\">\n\t\t\t\t\t\t\t<ul class=\"elementor-icon-list-items\">\n\t\t\t\t\t\t\t<li class=\"elementor-icon-list-item\">\n\t\t\t\t\t\t\t\t\t\t\t<span class=\"elementor-icon-list-icon\">\n\t\t\t\t\t\t\t<i aria-hidden=\"true\" class=\" las la-envelope\"><\/i>\t\t\t\t\t\t<\/span>\n\t\t\t\t\t\t\t\t\t\t<span class=\"elementor-icon-list-text\"><strong>Email <\/strong>contact@africa-rdc.org - africa25@gmail.com<\/span>\n\t\t\t\t\t\t\t\t\t<\/li>\n\t\t\t\t\t\t\t\t<li class=\"elementor-icon-list-item\">\n\t\t\t\t\t\t\t\t\t\t\t<span class=\"elementor-icon-list-icon\">\n\t\t\t\t\t\t\t<i aria-hidden=\"true\" class=\" las la-phone-volume\"><\/i>\t\t\t\t\t\t<\/span>\n\t\t\t\t\t\t\t\t\t\t<span class=\"elementor-icon-list-text\"><strong>Phone <\/strong>+243818841431 - 817005793<\/span>\n\t\t\t\t\t\t\t\t\t<\/li>\n\t\t\t\t\t\t\t\t<li class=\"elementor-icon-list-item\">\n\t\t\t\t\t\t\t\t\t\t\t<span class=\"elementor-icon-list-icon\">\n\t\t\t\t\t\t\t<i aria-hidden=\"true\" class=\" las la-map-marker\"><\/i>\t\t\t\t\t\t<\/span>\n\t\t\t\t\t\t\t\t\t\t<span class=\"elementor-icon-list-text\"><strong>Address <\/strong>N\u00b010 C, Av. Ngilima, Quartier Adoula, dans la Commune de Bandalungwa<\/span>\n\t\t\t\t\t\t\t\t\t<\/li>\n\t\t\t\t\t\t\t\t<li class=\"elementor-icon-list-item\">\n\t\t\t\t\t\t\t\t\t\t\t<span class=\"elementor-icon-list-icon\">\n\t\t\t\t\t\t\t<i aria-hidden=\"true\" class=\"fas fa-globe\"><\/i>\t\t\t\t\t\t<\/span>\n\t\t\t\t\t\t\t\t\t\t<span class=\"elementor-icon-list-text\"><strong>Website <\/strong>www.africa-rdc.org<\/span>\n\t\t\t\t\t\t\t\t\t<\/li>\n\t\t\t\t\t\t<\/ul>\n\t\t\t\t\t\t<\/div>\n\t\t\t\t<\/div>\n\t\t\t\t<div class=\"elementor-element elementor-element-0d8319a e-grid-align-left elementor-hidden-tablet elementor-shape-rounded elementor-grid-0 elementor-widget elementor-widget-social-icons\" data-id=\"0d8319a\" data-element_type=\"widget\" data-e-type=\"widget\" data-widget_type=\"social-icons.default\">\n\t\t\t\t<div class=\"elementor-widget-container\">\n\t\t\t\t\t\t\t<div class=\"elementor-social-icons-wrapper elementor-grid\" role=\"list\">\n\t\t\t\t\t\t\t<span class=\"elementor-grid-item\" role=\"listitem\">\n\t\t\t\t\t<a class=\"elementor-icon elementor-social-icon elementor-social-icon-facebook elementor-repeater-item-b03c76e\" target=\"_blank\">\n\t\t\t\t\t\t<span class=\"elementor-screen-only\">Facebook<\/span>\n\t\t\t\t\t\t<i aria-hidden=\"true\" class=\"fab fa-facebook\"><\/i>\t\t\t\t\t<\/a>\n\t\t\t\t<\/span>\n\t\t\t\t\t\t\t<span class=\"elementor-grid-item\" role=\"listitem\">\n\t\t\t\t\t<a class=\"elementor-icon elementor-social-icon elementor-social-icon-twitter elementor-repeater-item-9f02da1\" target=\"_blank\">\n\t\t\t\t\t\t<span class=\"elementor-screen-only\">Twitter<\/span>\n\t\t\t\t\t\t<i aria-hidden=\"true\" class=\"fab fa-twitter\"><\/i>\t\t\t\t\t<\/a>\n\t\t\t\t<\/span>\n\t\t\t\t\t\t\t<span class=\"elementor-grid-item\" role=\"listitem\">\n\t\t\t\t\t<a class=\"elementor-icon elementor-social-icon elementor-social-icon-youtube elementor-repeater-item-e9e0ce8\" target=\"_blank\">\n\t\t\t\t\t\t<span class=\"elementor-screen-only\">Youtube<\/span>\n\t\t\t\t\t\t<i aria-hidden=\"true\" class=\"fab fa-youtube\"><\/i>\t\t\t\t\t<\/a>\n\t\t\t\t<\/span>\n\t\t\t\t\t<\/div>\n\t\t\t\t\t\t<\/div>\n\t\t\t\t<\/div>\n\t\t\t\t\t<\/div>\n\t\t<\/div>\n\t\t\t\t\t<\/div>\n\t\t<\/section>\n\t\t\t\t<section class=\"elementor-section elementor-top-section elementor-element elementor-element-aa6cf1c elementor-section-boxed elementor-section-height-default elementor-section-height-default\" data-id=\"aa6cf1c\" data-element_type=\"section\" data-e-type=\"section\">\n\t\t\t\t\t\t<div class=\"elementor-container elementor-column-gap-no\">\n\t\t\t\t\t<div class=\"elementor-column elementor-col-100 elementor-top-column elementor-element elementor-element-b5eef01\" data-id=\"b5eef01\" data-element_type=\"column\" data-e-type=\"column\">\n\t\t\t<div class=\"elementor-widget-wrap elementor-element-populated\">\n\t\t\t\t\t\t<div class=\"elementor-element elementor-element-6b02c5a elementor-widget elementor-widget-text-editor\" data-id=\"6b02c5a\" data-element_type=\"widget\" data-e-type=\"widget\" data-widget_type=\"text-editor.default\">\n\t\t\t\t<div class=\"elementor-widget-container\">\n\t\t\t\t\t\t\t\t\t<p>Or il est \u00e9vident que l\u2019acc\u00e8s des jeunes femmes aux services de la planification dans tous les domaines cr\u00e9e les opportunit\u00e9s \u00e9conomiques.<\/p><p>Certains pays du monde ont mis en place des initiatives innovantes pour acc\u00e9l\u00e9rer cette transition d\u00e9mographique.<\/p><p>L\u2019exp\u00e9rience d\u00e9montre que les jeunes filles auxquelles on accorde les m\u00eames chances que les gar\u00e7ons, deviennent des femmes \u00e9mancip\u00e9es, fortes et courageuses susceptibles d\u2019assurer des responsabilit\u00e9s dans leurs respects.<\/p><p>L\u2019augmentation du nombre des femmes sur le banc du parlement dans diff\u00e9rents pays, tels que l\u2019Afrique du sud, le Kenya, le Rwanda et autres, a permis la r\u00e9alisation des avanc\u00e9es l\u00e9gislatives importantes en mati\u00e8re de parit\u00e9 homme femme.<\/p><p>Bien que la contrainte recense l\u2019un des plus forts taux de participation des femmes \u00e0 la vie active, les emplois pr\u00e9caires demeurent cependant la norme.<\/p><p>Les femmes africaines travaillent bien souvent plus que les hommes et assure en m\u00eame temps la plupart des t\u00e2ches m\u00e9nag\u00e8re (non r\u00e9mun\u00e9r\u00e9es).<\/p><p>Des \u00e9tudes effectu\u00e9es dans quatre pays d\u2019Afrique subsaharienne ont permis de relever que les agricultrices travaillent en moyenne de 467 minutes par jour contre 371 minutes pour les agriculteurs.<\/p>\t\t\t\t\t\t\t\t<\/div>\n\t\t\t\t<\/div>\n\t\t\t\t\t<\/div>\n\t\t<\/div>\n\t\t\t\t\t<\/div>\n\t\t<\/section>\n\t\t\t\t<section class=\"elementor-section elementor-top-section elementor-element elementor-element-d0847ae elementor-section-boxed elementor-section-height-default elementor-section-height-default\" data-id=\"d0847ae\" data-element_type=\"section\" data-e-type=\"section\">\n\t\t\t\t\t\t<div class=\"elementor-container elementor-column-gap-no\">\n\t\t\t\t\t<div class=\"elementor-column elementor-col-50 elementor-top-column elementor-element elementor-element-f8cbe73\" data-id=\"f8cbe73\" data-element_type=\"column\" data-e-type=\"column\">\n\t\t\t<div class=\"elementor-widget-wrap elementor-element-populated\">\n\t\t\t\t\t\t<div class=\"elementor-element elementor-element-0426302 elementor-widget elementor-widget-text-editor\" data-id=\"0426302\" data-element_type=\"widget\" data-e-type=\"widget\" data-widget_type=\"text-editor.default\">\n\t\t\t\t<div class=\"elementor-widget-container\">\n\t\t\t\t\t\t\t\t\t<p>Alors que les femmes repr\u00e9sentent un peu plus de la moiti\u00e9 de la population du continent africain et malgr\u00e9 que le taux d\u2019activit\u00e9s des femmes est sup\u00e9rieur \u00e0 celui des hommes, la productivit\u00e9 de ces derni\u00e8res demeure nettement plus faible faute pour elles d\u2019acc\u00e9der \u00e0 des circuits \u00e9conomiques et financiers.<\/p><p>Et pourtant, plusieurs \u00e9tudes d\u00e9montrent que faire progresser les femmes en Afrique serait une valeur ajout\u00e9e \u00e0 son potentiel, cela augmenterait son PIB et le continent serait en avance sur le plan de son d\u00e9veloppement \u00e9conomique social.<\/p><p>C\u2019est ainsi que AFRICA voudrait, avec l\u2019aide de tous devenir un r\u00e9seau susceptible de se multiplier et organiser l\u2019entraide des femmes pour le progr\u00e8s de la femme.<\/p>\t\t\t\t\t\t\t\t<\/div>\n\t\t\t\t<\/div>\n\t\t\t\t\t<\/div>\n\t\t<\/div>\n\t\t\t\t<div class=\"elementor-column elementor-col-50 elementor-top-column elementor-element elementor-element-fd40d22\" data-id=\"fd40d22\" data-element_type=\"column\" data-e-type=\"column\">\n\t\t\t<div class=\"elementor-widget-wrap elementor-element-populated\">\n\t\t\t\t\t\t<div class=\"elementor-element elementor-element-d394ee5 elementor-widget elementor-widget-image\" data-id=\"d394ee5\" data-element_type=\"widget\" data-e-type=\"widget\" data-widget_type=\"image.default\">\n\t\t\t\t<div class=\"elementor-widget-container\">\n\t\t\t\t\t\t\t\t\t\t\t\t\t\t\t<img decoding=\"async\" width=\"1024\" height=\"768\" src=\"https:\/\/www.africa-rdc.org\/wp-content\/uploads\/2022\/10\/Africa-asbl-17.jpg\" class=\"attachment-full size-full wp-image-1671\" alt=\"\" srcset=\"https:\/\/www.africa-rdc.org\/wp-content\/uploads\/2022\/10\/Africa-asbl-17.jpg 1024w, https:\/\/www.africa-rdc.org\/wp-content\/uploads\/2022\/10\/Africa-asbl-17-768x576.jpg 768w, https:\/\/www.africa-rdc.org\/wp-content\/uploads\/2022\/10\/Africa-asbl-17-600x450.jpg 600w\" sizes=\"(max-width: 1024px) 100vw, 1024px\" \/>\t\t\t\t\t\t\t\t\t\t\t\t\t\t\t<\/div>\n\t\t\t\t<\/div>\n\t\t\t\t\t<\/div>\n\t\t<\/div>\n\t\t\t\t\t<\/div>\n\t\t<\/section>\n\t\t\t\t<\/div>\n\t\t","protected":false},"excerpt":{"rendered":"<p>EDITORIAL Home Page Depuis quelques d\u00e9cennies, les femmes et les jeunes filles africaines font l\u2019objet de discriminations, lequel affecte leurs familles, leurs communaut\u00e9s ainsi que leurs pays respectifs. Face a [&hellip;]<\/p>\n","protected":false},"author":39,"featured_media":1618,"parent":0,"menu_order":0,"comment_status":"closed","ping_status":"closed","template":"","meta":{"footnotes":""},"class_list":["post-872","page","type-page","status-publish","has-post-thumbnail","hentry"],"wpcf_dashboard":"<div class=\"woocommerce\"><div class=\"woocommerce-info\">Veuillez d\u2019abord vous identifier\u00a0? <a class=\"wpneoShowLogin\" href=\"#\">Cliquez ici pour vous identifier<\/a><\/div><div class=\"wpneo_login_form_div\" style=\"display: none;\"><form name=\"loginform\" id=\"loginform\" action=\"https:\/\/www.africa-rdc.org\/wp-login.php\" method=\"post\"><p class=\"login-username\">\n\t\t\t\t<label for=\"user_login\">Identifiant ou adresse e-mail<\/label>\n\t\t\t\t<input type=\"text\" name=\"log\" id=\"user_login\" autocomplete=\"username\" class=\"input\" value=\"\" size=\"20\" \/>\n\t\t\t<\/p><p class=\"login-password\">\n\t\t\t\t<label for=\"user_pass\">Mot de passe<\/label>\n\t\t\t\t<input type=\"password\" name=\"pwd\" id=\"user_pass\" autocomplete=\"current-password\" spellcheck=\"false\" class=\"input\" value=\"\" size=\"20\" \/>\n\t\t\t<\/p><p class=\"login-remember\"><label><input name=\"rememberme\" type=\"checkbox\" id=\"rememberme\" value=\"forever\" \/> Se souvenir de moi<\/label><\/p><p class=\"login-submit\">\n\t\t\t\t<input type=\"submit\" name=\"wp-submit\" id=\"wp-submit\" class=\"button button-primary\" value=\"Se connecter\" \/>\n\t\t\t\t<input type=\"hidden\" name=\"redirect_to\" value=\"https:\/\/www.africa-rdc.org\/index.php?rest_route=%2Fwp%2Fv2%2Fpages%2F872\" \/>\n\t\t\t<\/p><\/form><\/div><\/div>","_links":{"self":[{"href":"https:\/\/www.africa-rdc.org\/index.php?rest_route=\/wp\/v2\/pages\/872","targetHints":{"allow":["GET"]}}],"collection":[{"href":"https:\/\/www.africa-rdc.org\/index.php?rest_route=\/wp\/v2\/pages"}],"about":[{"href":"https:\/\/www.africa-rdc.org\/index.php?rest_route=\/wp\/v2\/types\/page"}],"author":[{"embeddable":true,"href":"https:\/\/www.africa-rdc.org\/index.php?rest_route=\/wp\/v2\/users\/39"}],"replies":[{"embeddable":true,"href":"https:\/\/www.africa-rdc.org\/index.php?rest_route=%2Fwp%2Fv2%2Fcomments&post=872"}],"version-history":[{"count":67,"href":"https:\/\/www.africa-rdc.org\/index.php?rest_route=\/wp\/v2\/pages\/872\/revisions"}],"predecessor-version":[{"id":4577,"href":"https:\/\/www.africa-rdc.org\/index.php?rest_route=\/wp\/v2\/pages\/872\/revisions\/4577"}],"wp:featuredmedia":[{"embeddable":true,"href":"https:\/\/www.africa-rdc.org\/index.php?rest_route=\/wp\/v2\/media\/1618"}],"wp:attachment":[{"href":"https:\/\/www.africa-rdc.org\/index.php?rest_route=%2Fwp%2Fv2%2Fmedia&parent=872"}],"curies":[{"name":"wp","href":"https:\/\/api.w.org\/{rel}","templated":true}]}}