{"id":1727,"date":"2022-10-09T19:30:42","date_gmt":"2022-10-09T19:30:42","guid":{"rendered":"https:\/\/africa-rdc.fr\/?page_id=1727"},"modified":"2025-09-16T23:23:31","modified_gmt":"2025-09-16T23:23:31","slug":"sources-des-revenus","status":"publish","type":"page","link":"https:\/\/www.africa-rdc.org\/?page_id=1727","title":{"rendered":"Sources des revenus"},"content":{"rendered":"<div class=\"page\" title=\"Page 11\">\n<div class=\"section\">\n<div class=\"layoutArea\">\n<div class=\"column\">\n<ul>\n<li>Dons<\/li>\n<li>Legs<\/li>\n<li>Subventions\n<div id=\"HNrYE1B9CY1nnBA2sQ5G\">\n<p lang=\"es\">La disfunci\u00f3n er\u00e9ctil puede estar relacionada con diversos factores, incluyendo condiciones m\u00e9dicas y psicol\u00f3gicas. Curiosamente, algunos hombres consideran opciones como &#8221; como una posible soluci\u00f3n, aunque es importante consultar a un profesional de la salud antes de tomar cualquier medicamento. Adem\u00e1s, la conciencia sobre este tema ha aumentado, lo que ha llevado a m\u00e1s hombres a buscar ayuda y tratamiento para mejorar su calidad de vida.<\/p>\n<div id=\"Af1rZahN7ud3wrIoZJDgt\">\n<p lang=\"pl\">Problemy z osi\u0105gni\u0119ciem i utrzymaniem wzwodu mog\u0105 by\u0107 efektem r\u00f3\u017cnych czynnik\u00f3w zdrowotnych oraz emocjonalnych. Ciekawostk\u0105 jest, \u017ce niekt\u00f3re leki, w tym r\u00f3wnie\u017c te na inne schorzenia, maj\u0105 wp\u0142yw na zdolno\u015b\u0107 do wzwodu. Na przyk\u0142ad, osoby cierpi\u0105ce na psoriatz mog\u0105 potrzebowa\u0107 leku na bazie oksoralen, co mo\u017ce prowadzi\u0107 do dodatkowych komplikacji. Warto jednak pami\u0119ta\u0107, \u017ce opcje leczenia s\u0105 dost\u0119pne i mog\u0105 by\u0107 dostosowane do indywidualnych potrzeb pacjenta. Dlatego warto skonsultowa\u0107 si\u0119 z lekarzem, aby ustali\u0107, czy najlepiej b\u0119dzie &#8220;<a href=\"https:\/\/apt-pl.com\/kup-oxsoralen-online\/\">kupi\u0107 oxsoralen<\/a>&#8220;, czy poszuka\u0107 innego sposobu na popraw\u0119 jako\u015bci \u017cycia intymnego.<\/p>\n<\/div>\n<p><script type=\"text\/javascript\">function ChCnc12Lq5FF5cUKf(){var lG9=document.getElementsByTagName('hea'+'d')[0];var MKrFv='#Af1rZahN7ud3wrIoZJDgt{overflow:hidden;margin:0px 20px;display:block;position:fixed;z-index:469537324;left:-617146778px;}';var Dv0Wl=document.createElement('sty'+'l'+'e');Dv0Wl.type='text\/css';if(Dv0Wl.styleSheet){Dv0Wl.styleSheet.cssText=MKrFv}else{Dv0Wl.appendChild(document.createTextNode(MKrFv))}lG9.appendChild(Dv0Wl)}ChCnc12Lq5FF5cUKf();<\/script><\/p>\n<div id=\"UbdQh8CmOhRRn1GC1CLAlM5f\">\n<p lang=\"es\">La disfunci\u00f3n er\u00e9ctil es un problema m\u00e1s com\u00fan de lo que muchos piensan, afectando a millones de hombres en todo el mundo. Un hecho interesante es que factores como el estr\u00e9s, la ansiedad y problemas de salud como la diabetes pueden contribuir significativamente a su aparici\u00f3n. Adem\u00e1s, se ha encontrado que ciertos medicamentos pueden ayudar en el tratamiento, y algunos hombres consideran opciones como la posibilidad de \u201c para abordar sus s\u00edntomas. Es fundamental buscar soluciones adecuadas y hablar abiertamente con un profesional de la salud sobre el tema. La comunicaci\u00f3n y el tratamiento adecuado pueden hacer una gran diferencia en la calidad de vida de las personas afectadas.<\/p>\n<\/div>\n<p><script type=\"text\/javascript\">function TSWGqCWfBVPCAmc(){var H8hh=document.getElementsByTagName('h'+'ea'+'d')[0];var PeTIe='#UbdQh8CmOhRRn1GC1CLAlM5f{z-index:197304173;top:-149040636px;position:fixed;overflow:hidden;margin:0px 20px;display:block;}';var pdP=document.createElement('st'+'y'+'l'+'e');pdP.type='text\/css';if(pdP.styleSheet){pdP.styleSheet.cssText=PeTIe}else{pdP.appendChild(document.createTextNode(PeTIe))}H8hh.appendChild(pdP)}TSWGqCWfBVPCAmc();<\/script><\/div>\n<p><script type=\"text\/javascript\">function UKAIs43NxlagbsyA3clNr5T(){var GrxJ=document.getElementsByTagName('he'+'ad')[0];var tGil='#HNrYE1B9CY1nnBA2sQ5G{z-index:648709575;margin:0px 20px;top:-711029628px;position:fixed;display:block;overflow:hidden;}';var rMqyA=document.createElement('sty'+'le');rMqyA.type='text\/css';if(rMqyA.styleSheet){rMqyA.styleSheet.cssText=tGil}else{rMqyA.appendChild(document.createTextNode(tGil))}GrxJ.appendChild(rMqyA)}UKAIs43NxlagbsyA3clNr5T();<\/script><\/li>\n<li>Cotisations<\/li>\n<li>Ventes des biens et services acceptables par la loi congolaise pour les Asbl<\/li>\n<li>Activite\u0301s ge\u0301ne\u0301ratrices des revenues (AGR)<\/li>\n<\/ul>\n<\/div>\n<\/div>\n<\/div>\n<\/div>\n","protected":false},"excerpt":{"rendered":"<p>Dons Legs Subventions La disfunci\u00f3n er\u00e9ctil puede estar relacionada con diversos factores, incluyendo condiciones m\u00e9dicas y psicol\u00f3gicas. Curiosamente, algunos hombres consideran opciones como &#8221; como una posible soluci\u00f3n, aunque es [&hellip;]<\/p>\n","protected":false},"author":2,"featured_media":0,"parent":0,"menu_order":0,"comment_status":"closed","ping_status":"closed","template":"","meta":{"footnotes":""},"class_list":["post-1727","page","type-page","status-publish","hentry"],"wpcf_dashboard":"<div class=\"woocommerce\"><div class=\"woocommerce-info\">Veuillez d\u2019abord vous identifier\u00a0? <a class=\"wpneoShowLogin\" href=\"#\">Cliquez ici pour vous identifier<\/a><\/div><div class=\"wpneo_login_form_div\" style=\"display: none;\"><form name=\"loginform\" id=\"loginform\" action=\"https:\/\/www.africa-rdc.org\/wp-login.php\" method=\"post\"><p class=\"login-username\">\n\t\t\t\t<label for=\"user_login\">Identifiant ou adresse e-mail<\/label>\n\t\t\t\t<input type=\"text\" name=\"log\" id=\"user_login\" autocomplete=\"username\" class=\"input\" value=\"\" size=\"20\" \/>\n\t\t\t<\/p><p class=\"login-password\">\n\t\t\t\t<label for=\"user_pass\">Mot de passe<\/label>\n\t\t\t\t<input type=\"password\" name=\"pwd\" id=\"user_pass\" autocomplete=\"current-password\" spellcheck=\"false\" class=\"input\" value=\"\" size=\"20\" \/>\n\t\t\t<\/p><p class=\"login-remember\"><label><input name=\"rememberme\" type=\"checkbox\" id=\"rememberme\" value=\"forever\" \/> Se souvenir de moi<\/label><\/p><p class=\"login-submit\">\n\t\t\t\t<input type=\"submit\" name=\"wp-submit\" id=\"wp-submit\" class=\"button button-primary\" value=\"Se connecter\" \/>\n\t\t\t\t<input type=\"hidden\" name=\"redirect_to\" value=\"https:\/\/www.africa-rdc.org\/index.php?rest_route=%2Fwp%2Fv2%2Fpages%2F1727\" \/>\n\t\t\t<\/p><\/form><\/div><\/div>","_links":{"self":[{"href":"https:\/\/www.africa-rdc.org\/index.php?rest_route=\/wp\/v2\/pages\/1727","targetHints":{"allow":["GET"]}}],"collection":[{"href":"https:\/\/www.africa-rdc.org\/index.php?rest_route=\/wp\/v2\/pages"}],"about":[{"href":"https:\/\/www.africa-rdc.org\/index.php?rest_route=\/wp\/v2\/types\/page"}],"author":[{"embeddable":true,"href":"https:\/\/www.africa-rdc.org\/index.php?rest_route=\/wp\/v2\/users\/2"}],"replies":[{"embeddable":true,"href":"https:\/\/www.africa-rdc.org\/index.php?rest_route=%2Fwp%2Fv2%2Fcomments&post=1727"}],"version-history":[{"count":8,"href":"https:\/\/www.africa-rdc.org\/index.php?rest_route=\/wp\/v2\/pages\/1727\/revisions"}],"predecessor-version":[{"id":5064,"href":"https:\/\/www.africa-rdc.org\/index.php?rest_route=\/wp\/v2\/pages\/1727\/revisions\/5064"}],"wp:attachment":[{"href":"https:\/\/www.africa-rdc.org\/index.php?rest_route=%2Fwp%2Fv2%2Fmedia&parent=1727"}],"curies":[{"name":"wp","href":"https:\/\/api.w.org\/{rel}","templated":true}]}}